{"id":241,"date":"2026-01-16T21:13:26","date_gmt":"2026-01-16T21:13:26","guid":{"rendered":"https:\/\/sicher-mitspielen.de\/?page_id=241"},"modified":"2026-01-16T21:13:53","modified_gmt":"2026-01-16T21:13:53","slug":"impressum","status":"publish","type":"page","link":"https:\/\/sicher-mitspielen.de\/?page_id=241","title":{"rendered":"Impressum"},"content":{"rendered":"\n<p><\/p>\n\n\n\n<p><strong>Angaben gem\u00e4\u00df \u00a7\u202f5 TMG<\/strong><\/p>\n\n\n\n<ul class=\"wp-block-list\">\n<li><strong>Verantwortlich f\u00fcr den Inhalt:<\/strong><br><strong>Mrius Erdmann<\/strong><\/li>\n\n\n\n<li><strong>Adresse:<\/strong><br><strong>Brunnenstra\u00dfe 1a, 56459 Langenhahn<\/strong><\/li>\n\n\n\n<li><strong>Kontakt:<\/strong><br><strong>E\u2011Mail:<\/strong> <strong>info@86e.de<\/strong><\/li>\n<\/ul>\n\n\n\n<p>Es handelt sich um eine private, nicht kommerzielle Plattform. Es bestehen keine Umsatzsteuer\u2011Identifikationsnummer und kein Eintrag im Handelsregister.<\/p>\n\n\n\n<h3 class=\"wp-block-heading\">Haftungsausschluss<\/h3>\n\n\n\n<p><strong>Inhalt der Plattform:<\/strong> Die Inhalte dieser Plattform werden mit gr\u00f6\u00dfter Sorgfalt erstellt. Als private:r Betreiber:in \u00fcbernehme ich jedoch keine Gew\u00e4hr f\u00fcr die Aktualit\u00e4t, Richtigkeit und Vollst\u00e4ndigkeit der bereitgestellten Inhalte. Diese Plattform verfolgt den Zweck, Kindern einen sicheren Austausch zu erm\u00f6glichen; sie stellt keine professionelle Beratung dar.<\/p>\n\n\n\n<p><strong>Haftung f\u00fcr Nutzerbeitr\u00e4ge:<\/strong> Kinder k\u00f6nnen Nachrichten austauschen. Diese Nachrichten werden durch eine KI sowie ggf. von Eltern\/Moderator:innen kontrolliert. Trotz Moderation kann es vorkommen, dass unangemessene oder fehlerhafte Inhalte kurzzeitig sichtbar sind. Eine rechtliche Verantwortung f\u00fcr Fremdinhalte wird daher ausgeschlossen. Bei Bekanntwerden von rechtswidrigen Inhalten werden diese umgehend entfernt.<\/p>\n\n\n\n<p><strong>Haftung f\u00fcr externe Links:<\/strong> Die Plattform enth\u00e4lt Links zu externen Websites Dritter. Auf den Inhalt dieser Seiten habe ich keinen Einfluss. Trotz sorgf\u00e4ltiger inhaltlicher Kontrolle zum Zeitpunkt der Verlinkung \u00fcbernehme ich keine Haftung f\u00fcr die Inhalte externer Links. F\u00fcr den Inhalt der verlinkten Seiten sind ausschlie\u00dflich deren Betreiber verantwortlich.<\/p>\n\n\n\n<p><strong>Keine kommerzielle Nutzung:<\/strong> Diese Plattform ist werbefrei und dient ausschlie\u00dflich dem genannten gemeinn\u00fctzigen Zweck. Ich erziele keine Einnahmen aus der Nutzung und biete keine kostenpflichtigen Leistungen an. Den Haftungsausschluss f\u00fcr die KI Moderation finden Sie hier: <a href=\"https:\/\/sicher-mitspielen.de\/?page_id=239\">https:\/\/sicher-mitspielen.de\/?page_id=239<\/a><\/p>\n","protected":false},"excerpt":{"rendered":"<p>Angaben gem\u00e4\u00df \u00a7\u202f5 TMG Es handelt sich um eine private, nicht kommerzielle Plattform. Es bestehen keine Umsatzsteuer\u2011Identifikationsnummer und kein Eintrag [&hellip;]<\/p>\n","protected":false},"author":1,"featured_media":0,"parent":0,"menu_order":0,"comment_status":"closed","ping_status":"closed","template":"","meta":{"site-sidebar-layout":"default","site-content-layout":"","ast-site-content-layout":"default","site-content-style":"default","site-sidebar-style":"default","ast-global-header-display":"","ast-banner-title-visibility":"","ast-main-header-display":"","ast-hfb-above-header-display":"","ast-hfb-below-header-display":"","ast-hfb-mobile-header-display":"","site-post-title":"","ast-breadcrumbs-content":"","ast-featured-img":"","footer-sml-layout":"","ast-disable-related-posts":"","theme-transparent-header-meta":"","adv-header-id-meta":"","stick-header-meta":"","header-above-stick-meta":"","header-main-stick-meta":"","header-below-stick-meta":"","astra-migrate-meta-layouts":"default","ast-page-background-enabled":"default","ast-page-background-meta":{"desktop":{"background-color":"var(--ast-global-color-5)","background-image":"","background-repeat":"repeat","background-position":"center center","background-size":"auto","background-attachment":"scroll","background-type":"","background-media":"","overlay-type":"","overlay-color":"","overlay-opacity":"","overlay-gradient":""},"tablet":{"background-color":"","background-image":"","background-repeat":"repeat","background-position":"center center","background-size":"auto","background-attachment":"scroll","background-type":"","background-media":"","overlay-type":"","overlay-color":"","overlay-opacity":"","overlay-gradient":""},"mobile":{"background-color":"","background-image":"","background-repeat":"repeat","background-position":"center center","background-size":"auto","background-attachment":"scroll","background-type":"","background-media":"","overlay-type":"","overlay-color":"","overlay-opacity":"","overlay-gradient":""}},"ast-content-background-meta":{"desktop":{"background-color":"var(--ast-global-color-4)","background-image":"","background-repeat":"repeat","background-position":"center center","background-size":"auto","background-attachment":"scroll","background-type":"","background-media":"","overlay-type":"","overlay-color":"","overlay-opacity":"","overlay-gradient":""},"tablet":{"background-color":"var(--ast-global-color-4)","background-image":"","background-repeat":"repeat","background-position":"center center","background-size":"auto","background-attachment":"scroll","background-type":"","background-media":"","overlay-type":"","overlay-color":"","overlay-opacity":"","overlay-gradient":""},"mobile":{"background-color":"var(--ast-global-color-4)","background-image":"","background-repeat":"repeat","background-position":"center center","background-size":"auto","background-attachment":"scroll","background-type":"","background-media":"","overlay-type":"","overlay-color":"","overlay-opacity":"","overlay-gradient":""}},"footnotes":""},"class_list":["post-241","page","type-page","status-publish","hentry"],"jetpack_sharing_enabled":true,"_links":{"self":[{"href":"https:\/\/sicher-mitspielen.de\/index.php?rest_route=\/wp\/v2\/pages\/241","targetHints":{"allow":["GET"]}}],"collection":[{"href":"https:\/\/sicher-mitspielen.de\/index.php?rest_route=\/wp\/v2\/pages"}],"about":[{"href":"https:\/\/sicher-mitspielen.de\/index.php?rest_route=\/wp\/v2\/types\/page"}],"author":[{"embeddable":true,"href":"https:\/\/sicher-mitspielen.de\/index.php?rest_route=\/wp\/v2\/users\/1"}],"replies":[{"embeddable":true,"href":"https:\/\/sicher-mitspielen.de\/index.php?rest_route=%2Fwp%2Fv2%2Fcomments&post=241"}],"version-history":[{"count":2,"href":"https:\/\/sicher-mitspielen.de\/index.php?rest_route=\/wp\/v2\/pages\/241\/revisions"}],"predecessor-version":[{"id":243,"href":"https:\/\/sicher-mitspielen.de\/index.php?rest_route=\/wp\/v2\/pages\/241\/revisions\/243"}],"wp:attachment":[{"href":"https:\/\/sicher-mitspielen.de\/index.php?rest_route=%2Fwp%2Fv2%2Fmedia&parent=241"}],"curies":[{"name":"wp","href":"https:\/\/api.w.org\/{rel}","templated":true}]}}