{"id":2,"date":"2016-05-10T03:48:21","date_gmt":"2016-05-10T03:48:21","guid":{"rendered":"http:\/\/sicher-mitspielen.de\/?page_id=2"},"modified":"2026-01-17T15:16:20","modified_gmt":"2026-01-17T15:16:20","slug":"sample-page","status":"publish","type":"page","link":"https:\/\/sicher-mitspielen.de\/","title":{"rendered":"Startseite"},"content":{"rendered":"\n<p><strong>Willkommen bei sicher-mitspielen.de<\/strong><\/p>\n\n\n\n<p>Die Plattform dient dazu, dass Kinder andere Spielpartner:innen f\u00fcr Online-Spiele finden und sich austauschen k\u00f6nnen \u2013 ohne Werbung, ohne \u00f6ffentliche Profile und ohne kommerzielles Interesse.<br>Sie wurde von mir als Vater entwickelt, weil viele Kinder heute auf der Suche nach Mitspieler:innen sind.<\/p>\n\n\n\n<p>Die Registrierung erfolgt \u00fcber die Eltern. Diese legen die Kinderkonten an und behalten so die \u00dcbersicht. Kinder k\u00f6nnen anschlie\u00dfend mit anderen Kindern schreiben \u2013 jedoch ausschlie\u00dflich per Text und unter klar definierten Regeln. Nachrichten werden technisch per KI vorgefiltert; potenziell problematische Inhalte oder Kontakte werden nicht automatisch freigeschaltet, sondern den Eltern zur Moderation vorgelegt. Au\u00dferdem k\u00f6nnen Eltern die Kommunikation ihrer Kinder jederzeit einsehen und pr\u00fcfen.<\/p>\n\n\n\n<p>So entsteht ein gesch\u00fctzter Raum, in dem Kinder gezielt andere Kinder zum Spielen oder zum Austausch finden k\u00f6nnen \u2013 ohne unerw\u00fcnschte Kommunikation, ohne sozialen Druck und ohne unkontrollierte Weitergabe von Daten.<\/p>\n\n\n\n<p>Eingeloggte Personen finden M\u00f6glichkeiten zur direkten Kommunikation sowie zu gemeinsamen Boards. Kinder k\u00f6nnen nur andere Kinder anschreiben, Eltern nur andere Eltern.<\/p>\n\n\n\n<p>S\u00e4mtliche Kommunikation unter den Kindern ist reguliert. Nur von den Eltern freigegeben Spielkontaktdaten k\u00f6nnen geteilt werden. <\/p>\n\n\n\n<p><strong>Hinweis:<\/strong> Die Inhaltspr\u00fcfung ist dreistufig, somit sehr intensiv und nach bestem Wissen und Gewissen programmiert. Dennoch sind Fehler m\u00f6glich. Sollte es zu einem Fehler kommen, teilt mir diesen gerne mit.<\/p>\n\n\n\n<p>Zudem gibt es f\u00fcr Eltern die M\u00f6glichkeit, einer Signal-Gruppe beizutreten, hier k\u00f6nnt Ihr auch technische Fragen stellen, etc. oder per Mail an <a href=\"mailto:info@86e.de\">info@86e.de<\/a> .<\/p>\n\n\n\n<p>Die Plattform ist noch ganz neu, weshalb die Nutzerzahlen entsprechend niedrig sind.<\/p>\n\n\n\n<div class=\"wp-block-columns alignwide is-layout-flex wp-container-core-columns-is-layout-e242d015 wp-block-columns-is-layout-flex\" style=\"padding-top:var(--wp--preset--spacing--50);padding-right:0;padding-bottom:var(--wp--preset--spacing--50);padding-left:0\">\n<div class=\"wp-block-column is-layout-flow wp-block-column-is-layout-flow\" style=\"padding-right:var(--wp--preset--spacing--60);padding-left:0\">\n<p><strong>Hier kann die automatische Kommunikationsfreigabe getestet werden. <\/strong><\/p>\n\n\n\n<p>Der Test ist nur mit Login m\u00f6glich.<\/p>\n\n\n\n<\/div>\n\n\n\n<div class=\"wp-block-column is-layout-flow wp-block-column-is-layout-flow\" style=\"padding-right:0;padding-left:var(--wp--preset--spacing--50)\">\n<div class=\"wp-block-buttons is-layout-flex wp-block-buttons-is-layout-flex\">\n<div class=\"wp-block-button has-custom-width wp-block-button__width-100\"><a class=\"wp-block-button__link wp-element-button\" href=\"https:\/\/sicher-mitspielen.de\/?page_id=11\" style=\"padding-right:0;padding-left:0\">Zum Login oder Home Bereich<\/a><\/div>\n<\/div>\n\n\n\n<\/div>\n<\/div>\n","protected":false},"excerpt":{"rendered":"<p>Willkommen bei sicher-mitspielen.de Die Plattform dient dazu, dass Kinder andere Spielpartner:innen f\u00fcr Online-Spiele finden und sich austauschen k\u00f6nnen \u2013 ohne [&hellip;]<\/p>\n","protected":false},"author":1,"featured_media":0,"parent":0,"menu_order":0,"comment_status":"closed","ping_status":"open","template":"","meta":{"site-sidebar-layout":"default","site-content-layout":"","ast-site-content-layout":"default","site-content-style":"default","site-sidebar-style":"default","ast-global-header-display":"","ast-banner-title-visibility":"","ast-main-header-display":"","ast-hfb-above-header-display":"","ast-hfb-below-header-display":"","ast-hfb-mobile-header-display":"","site-post-title":"","ast-breadcrumbs-content":"","ast-featured-img":"","footer-sml-layout":"","ast-disable-related-posts":"","theme-transparent-header-meta":"","adv-header-id-meta":"","stick-header-meta":"","header-above-stick-meta":"","header-main-stick-meta":"","header-below-stick-meta":"","astra-migrate-meta-layouts":"default","ast-page-background-enabled":"default","ast-page-background-meta":{"desktop":{"background-color":"var(--ast-global-color-5)","background-image":"","background-repeat":"repeat","background-position":"center center","background-size":"auto","background-attachment":"scroll","background-type":"","background-media":"","overlay-type":"","overlay-color":"","overlay-opacity":"","overlay-gradient":""},"tablet":{"background-color":"","background-image":"","background-repeat":"repeat","background-position":"center center","background-size":"auto","background-attachment":"scroll","background-type":"","background-media":"","overlay-type":"","overlay-color":"","overlay-opacity":"","overlay-gradient":""},"mobile":{"background-color":"","background-image":"","background-repeat":"repeat","background-position":"center center","background-size":"auto","background-attachment":"scroll","background-type":"","background-media":"","overlay-type":"","overlay-color":"","overlay-opacity":"","overlay-gradient":""}},"ast-content-background-meta":{"desktop":{"background-color":"var(--ast-global-color-4)","background-image":"","background-repeat":"repeat","background-position":"center center","background-size":"auto","background-attachment":"scroll","background-type":"","background-media":"","overlay-type":"","overlay-color":"","overlay-opacity":"","overlay-gradient":""},"tablet":{"background-color":"var(--ast-global-color-4)","background-image":"","background-repeat":"repeat","background-position":"center center","background-size":"auto","background-attachment":"scroll","background-type":"","background-media":"","overlay-type":"","overlay-color":"","overlay-opacity":"","overlay-gradient":""},"mobile":{"background-color":"var(--ast-global-color-4)","background-image":"","background-repeat":"repeat","background-position":"center center","background-size":"auto","background-attachment":"scroll","background-type":"","background-media":"","overlay-type":"","overlay-color":"","overlay-opacity":"","overlay-gradient":""}},"footnotes":""},"class_list":["post-2","page","type-page","status-publish","hentry"],"jetpack_sharing_enabled":true,"_links":{"self":[{"href":"https:\/\/sicher-mitspielen.de\/index.php?rest_route=\/wp\/v2\/pages\/2","targetHints":{"allow":["GET"]}}],"collection":[{"href":"https:\/\/sicher-mitspielen.de\/index.php?rest_route=\/wp\/v2\/pages"}],"about":[{"href":"https:\/\/sicher-mitspielen.de\/index.php?rest_route=\/wp\/v2\/types\/page"}],"author":[{"embeddable":true,"href":"https:\/\/sicher-mitspielen.de\/index.php?rest_route=\/wp\/v2\/users\/1"}],"replies":[{"embeddable":true,"href":"https:\/\/sicher-mitspielen.de\/index.php?rest_route=%2Fwp%2Fv2%2Fcomments&post=2"}],"version-history":[{"count":15,"href":"https:\/\/sicher-mitspielen.de\/index.php?rest_route=\/wp\/v2\/pages\/2\/revisions"}],"predecessor-version":[{"id":268,"href":"https:\/\/sicher-mitspielen.de\/index.php?rest_route=\/wp\/v2\/pages\/2\/revisions\/268"}],"wp:attachment":[{"href":"https:\/\/sicher-mitspielen.de\/index.php?rest_route=%2Fwp%2Fv2%2Fmedia&parent=2"}],"curies":[{"name":"wp","href":"https:\/\/api.w.org\/{rel}","templated":true}]}}